{"id":1301,"date":"2019-05-25T13:35:36","date_gmt":"2019-05-25T11:35:36","guid":{"rendered":"https:\/\/andreacarta.es\/about\/"},"modified":"2023-08-03T07:28:21","modified_gmt":"2023-08-03T05:28:21","slug":"about","status":"publish","type":"page","link":"https:\/\/andreacarta.es\/en\/about\/","title":{"rendered":"About"},"content":{"rendered":"<p>Hola, soy Andrea Carta y quiero ayudarte a conseguir los resultados que buscas. Llevo m\u00e1s de 12 a\u00f1os trabajando en lo que me gusta, experiencia obtenida gracias a los clientes con los que he trabajado tanto a nivel nacional como en el extranjero. Desde mi estudio de dise\u00f1o situado en Murcia materializo ideas dando soluciones creativas a proyectos de cualquier sector.<\/p>\n<p>&nbsp;<\/p>\n<p>Tengo ideas, experiencia y habilidad de ejecuci\u00f3n para ayudar a mis clientes a hacer crecer su negocio, creando un lenguaje visual propio, \u00fanico y que destaque. Utilizo mis conocimientos y mi experiencia creativa para crear soluciones de dise\u00f1o que respondan a las necesidades de mis clientes adapt\u00e1ndome a lo que pidas, ya sea desde una simple tarjeta de visita hasta un redise\u00f1o de identidad de marca.<\/p>\n<p>&nbsp;<\/p>\n<p>Los proyectos que llevo a cabo pueden ser contratados de forma puntual o formar parte de un \u201cfee mensual\u201d. Trabajar en base a un fee es muy \u00fatil cuando se trata de realizar distintos proyectos para un mismo cliente con una continuidad definida o cuando se trata de un proyecto integral a medio-largo plazo que exija constante implicaci\u00f3n.<\/p>\n","protected":false},"excerpt":{"rendered":"<p>Hola, soy Andrea Carta y quiero ayudarte a conseguir los resultados que buscas. Llevo m\u00e1s de 12 a\u00f1os trabajando en lo que me gusta, experiencia obtenida gracias a los clientes con los que he trabajado tanto a nivel nacional como en el extranjero. Desde mi estudio de dise\u00f1o situado en Murcia materializo ideas dando soluciones [&hellip;]<\/p>\n","protected":false},"author":1,"featured_media":0,"parent":0,"menu_order":2,"comment_status":"closed","ping_status":"closed","template":"page-about.php","meta":[],"yoast_head":"<!-- This site is optimized with the Yoast SEO plugin v20.8 - https:\/\/yoast.com\/wordpress\/plugins\/seo\/ -->\n<title>About - Andrea Carta<\/title>\n<meta name=\"robots\" content=\"index, follow, max-snippet:-1, max-image-preview:large, max-video-preview:-1\" \/>\n<link rel=\"canonical\" href=\"https:\/\/andreacarta.es\/about\/?lang=en\" \/>\n<meta property=\"og:locale\" content=\"en_US\" \/>\n<meta property=\"og:type\" content=\"article\" \/>\n<meta property=\"og:title\" content=\"About - Andrea Carta\" \/>\n<meta property=\"og:description\" content=\"Hola, soy Andrea Carta y quiero ayudarte a conseguir los resultados que buscas. Llevo m\u00e1s de 12 a\u00f1os trabajando en lo que me gusta, experiencia obtenida gracias a los clientes con los que he trabajado tanto a nivel nacional como en el extranjero. Desde mi estudio de dise\u00f1o situado en Murcia materializo ideas dando soluciones [&hellip;]\" \/>\n<meta property=\"og:url\" content=\"https:\/\/andreacarta.es\/about\/?lang=en\" \/>\n<meta property=\"og:site_name\" content=\"Andrea Carta\" \/>\n<meta property=\"article:modified_time\" content=\"2023-08-03T05:28:21+00:00\" \/>\n<meta name=\"twitter:card\" content=\"summary_large_image\" \/>\n<meta name=\"twitter:label1\" content=\"Est. reading time\" \/>\n\t<meta name=\"twitter:data1\" content=\"1 minute\" \/>\n<script type=\"application\/ld+json\" class=\"yoast-schema-graph\">{\"@context\":\"https:\/\/schema.org\",\"@graph\":[{\"@type\":\"WebPage\",\"@id\":\"https:\/\/andreacarta.es\/about\/?lang=en\",\"url\":\"https:\/\/andreacarta.es\/about\/?lang=en\",\"name\":\"About - Andrea Carta\",\"isPartOf\":{\"@id\":\"https:\/\/andreacarta.es\/#website\"},\"datePublished\":\"2019-05-25T11:35:36+00:00\",\"dateModified\":\"2023-08-03T05:28:21+00:00\",\"breadcrumb\":{\"@id\":\"https:\/\/andreacarta.es\/about\/?lang=en#breadcrumb\"},\"inLanguage\":\"en-US\",\"potentialAction\":[{\"@type\":\"ReadAction\",\"target\":[\"https:\/\/andreacarta.es\/about\/?lang=en\"]}]},{\"@type\":\"BreadcrumbList\",\"@id\":\"https:\/\/andreacarta.es\/about\/?lang=en#breadcrumb\",\"itemListElement\":[{\"@type\":\"ListItem\",\"position\":1,\"name\":\"Portada\",\"item\":\"https:\/\/andreacarta.es\/?lang=en\"},{\"@type\":\"ListItem\",\"position\":2,\"name\":\"About\"}]},{\"@type\":\"WebSite\",\"@id\":\"https:\/\/andreacarta.es\/#website\",\"url\":\"https:\/\/andreacarta.es\/\",\"name\":\"Andrea Carta\",\"description\":\"Creative &amp; Graphic Designer\",\"potentialAction\":[{\"@type\":\"SearchAction\",\"target\":{\"@type\":\"EntryPoint\",\"urlTemplate\":\"https:\/\/andreacarta.es\/?s={search_term_string}\"},\"query-input\":\"required name=search_term_string\"}],\"inLanguage\":\"en-US\"}]}<\/script>\n<!-- \/ Yoast SEO plugin. -->","yoast_head_json":{"title":"About - Andrea Carta","robots":{"index":"index","follow":"follow","max-snippet":"max-snippet:-1","max-image-preview":"max-image-preview:large","max-video-preview":"max-video-preview:-1"},"canonical":"https:\/\/andreacarta.es\/about\/?lang=en","og_locale":"en_US","og_type":"article","og_title":"About - Andrea Carta","og_description":"Hola, soy Andrea Carta y quiero ayudarte a conseguir los resultados que buscas. Llevo m\u00e1s de 12 a\u00f1os trabajando en lo que me gusta, experiencia obtenida gracias a los clientes con los que he trabajado tanto a nivel nacional como en el extranjero. Desde mi estudio de dise\u00f1o situado en Murcia materializo ideas dando soluciones [&hellip;]","og_url":"https:\/\/andreacarta.es\/about\/?lang=en","og_site_name":"Andrea Carta","article_modified_time":"2023-08-03T05:28:21+00:00","twitter_card":"summary_large_image","twitter_misc":{"Est. reading time":"1 minute"},"schema":{"@context":"https:\/\/schema.org","@graph":[{"@type":"WebPage","@id":"https:\/\/andreacarta.es\/about\/?lang=en","url":"https:\/\/andreacarta.es\/about\/?lang=en","name":"About - Andrea Carta","isPartOf":{"@id":"https:\/\/andreacarta.es\/#website"},"datePublished":"2019-05-25T11:35:36+00:00","dateModified":"2023-08-03T05:28:21+00:00","breadcrumb":{"@id":"https:\/\/andreacarta.es\/about\/?lang=en#breadcrumb"},"inLanguage":"en-US","potentialAction":[{"@type":"ReadAction","target":["https:\/\/andreacarta.es\/about\/?lang=en"]}]},{"@type":"BreadcrumbList","@id":"https:\/\/andreacarta.es\/about\/?lang=en#breadcrumb","itemListElement":[{"@type":"ListItem","position":1,"name":"Portada","item":"https:\/\/andreacarta.es\/?lang=en"},{"@type":"ListItem","position":2,"name":"About"}]},{"@type":"WebSite","@id":"https:\/\/andreacarta.es\/#website","url":"https:\/\/andreacarta.es\/","name":"Andrea Carta","description":"Creative &amp; Graphic Designer","potentialAction":[{"@type":"SearchAction","target":{"@type":"EntryPoint","urlTemplate":"https:\/\/andreacarta.es\/?s={search_term_string}"},"query-input":"required name=search_term_string"}],"inLanguage":"en-US"}]}},"_links":{"self":[{"href":"https:\/\/andreacarta.es\/en\/wp-json\/wp\/v2\/pages\/1301"}],"collection":[{"href":"https:\/\/andreacarta.es\/en\/wp-json\/wp\/v2\/pages"}],"about":[{"href":"https:\/\/andreacarta.es\/en\/wp-json\/wp\/v2\/types\/page"}],"author":[{"embeddable":true,"href":"https:\/\/andreacarta.es\/en\/wp-json\/wp\/v2\/users\/1"}],"replies":[{"embeddable":true,"href":"https:\/\/andreacarta.es\/en\/wp-json\/wp\/v2\/comments?post=1301"}],"version-history":[{"count":1,"href":"https:\/\/andreacarta.es\/en\/wp-json\/wp\/v2\/pages\/1301\/revisions"}],"predecessor-version":[{"id":1303,"href":"https:\/\/andreacarta.es\/en\/wp-json\/wp\/v2\/pages\/1301\/revisions\/1303"}],"wp:attachment":[{"href":"https:\/\/andreacarta.es\/en\/wp-json\/wp\/v2\/media?parent=1301"}],"curies":[{"name":"wp","href":"https:\/\/api.w.org\/{rel}","templated":true}]}}