{"id":1298,"date":"2019-05-06T19:26:37","date_gmt":"2019-05-06T17:26:37","guid":{"rendered":"https:\/\/andreacarta.es\/?page_id=1298"},"modified":"2023-08-03T07:27:09","modified_gmt":"2023-08-03T05:27:09","slug":"home","status":"publish","type":"page","link":"https:\/\/andreacarta.es\/en\/","title":{"rendered":"Home"},"content":{"rendered":"","protected":false},"excerpt":{"rendered":"","protected":false},"author":1,"featured_media":0,"parent":0,"menu_order":0,"comment_status":"closed","ping_status":"open","template":"page-homepage.php","meta":[],"yoast_head":"<!-- This site is optimized with the Yoast SEO plugin v20.8 - https:\/\/yoast.com\/wordpress\/plugins\/seo\/ -->\n<title>Andrea Carta - Creative &amp; Graphic Designer<\/title>\n<meta name=\"description\" content=\"Andrea Carta, creativo y dise\u00f1ador gr\u00e1fico. Desde mi estudio en Murcia, materializo ideas creativas para proyectos de Branding, Packaging o Dise\u00f1o Web\" \/>\n<meta name=\"robots\" content=\"index, follow, max-snippet:-1, max-image-preview:large, max-video-preview:-1\" \/>\n<link rel=\"canonical\" href=\"https:\/\/andreacarta.es\/?lang=en\" \/>\n<meta property=\"og:locale\" content=\"en_US\" \/>\n<meta property=\"og:type\" content=\"article\" \/>\n<meta property=\"og:title\" content=\"Andrea Carta - Creative &amp; Graphic Designer\" \/>\n<meta property=\"og:description\" content=\"Andrea Carta, creativo y dise\u00f1ador gr\u00e1fico. Desde mi estudio en Murcia, materializo ideas creativas para proyectos de Branding, Packaging o Dise\u00f1o Web\" \/>\n<meta property=\"og:url\" content=\"https:\/\/andreacarta.es\/?lang=en\" \/>\n<meta property=\"og:site_name\" content=\"Andrea Carta\" \/>\n<meta property=\"article:modified_time\" content=\"2023-08-03T05:27:09+00:00\" \/>\n<meta name=\"twitter:card\" content=\"summary_large_image\" \/>\n<script type=\"application\/ld+json\" class=\"yoast-schema-graph\">{\"@context\":\"https:\/\/schema.org\",\"@graph\":[{\"@type\":\"WebPage\",\"@id\":\"https:\/\/andreacarta.es\/?lang=en\",\"url\":\"https:\/\/andreacarta.es\/?lang=en\",\"name\":\"Andrea Carta - Creative & Graphic Designer\",\"isPartOf\":{\"@id\":\"https:\/\/andreacarta.es\/#website\"},\"datePublished\":\"2019-05-06T17:26:37+00:00\",\"dateModified\":\"2023-08-03T05:27:09+00:00\",\"description\":\"Andrea Carta, creativo y dise\u00f1ador gr\u00e1fico. Desde mi estudio en Murcia, materializo ideas creativas para proyectos de Branding, Packaging o Dise\u00f1o Web\",\"breadcrumb\":{\"@id\":\"https:\/\/andreacarta.es\/?lang=en#breadcrumb\"},\"inLanguage\":\"en-US\",\"potentialAction\":[{\"@type\":\"ReadAction\",\"target\":[\"https:\/\/andreacarta.es\/?lang=en\"]}]},{\"@type\":\"BreadcrumbList\",\"@id\":\"https:\/\/andreacarta.es\/?lang=en#breadcrumb\",\"itemListElement\":[{\"@type\":\"ListItem\",\"position\":1,\"name\":\"Portada\",\"item\":\"https:\/\/andreacarta.es\/?lang=en\"},{\"@type\":\"ListItem\",\"position\":2,\"name\":\"Home\"}]},{\"@type\":\"WebSite\",\"@id\":\"https:\/\/andreacarta.es\/#website\",\"url\":\"https:\/\/andreacarta.es\/\",\"name\":\"Andrea Carta\",\"description\":\"Creative &amp; Graphic Designer\",\"potentialAction\":[{\"@type\":\"SearchAction\",\"target\":{\"@type\":\"EntryPoint\",\"urlTemplate\":\"https:\/\/andreacarta.es\/?s={search_term_string}\"},\"query-input\":\"required name=search_term_string\"}],\"inLanguage\":\"en-US\"}]}<\/script>\n<!-- \/ Yoast SEO plugin. -->","yoast_head_json":{"title":"Andrea Carta - Creative & Graphic Designer","description":"Andrea Carta, creativo y dise\u00f1ador gr\u00e1fico. Desde mi estudio en Murcia, materializo ideas creativas para proyectos de Branding, Packaging o Dise\u00f1o Web","robots":{"index":"index","follow":"follow","max-snippet":"max-snippet:-1","max-image-preview":"max-image-preview:large","max-video-preview":"max-video-preview:-1"},"canonical":"https:\/\/andreacarta.es\/?lang=en","og_locale":"en_US","og_type":"article","og_title":"Andrea Carta - Creative & Graphic Designer","og_description":"Andrea Carta, creativo y dise\u00f1ador gr\u00e1fico. Desde mi estudio en Murcia, materializo ideas creativas para proyectos de Branding, Packaging o Dise\u00f1o Web","og_url":"https:\/\/andreacarta.es\/?lang=en","og_site_name":"Andrea Carta","article_modified_time":"2023-08-03T05:27:09+00:00","twitter_card":"summary_large_image","schema":{"@context":"https:\/\/schema.org","@graph":[{"@type":"WebPage","@id":"https:\/\/andreacarta.es\/?lang=en","url":"https:\/\/andreacarta.es\/?lang=en","name":"Andrea Carta - Creative & Graphic Designer","isPartOf":{"@id":"https:\/\/andreacarta.es\/#website"},"datePublished":"2019-05-06T17:26:37+00:00","dateModified":"2023-08-03T05:27:09+00:00","description":"Andrea Carta, creativo y dise\u00f1ador gr\u00e1fico. Desde mi estudio en Murcia, materializo ideas creativas para proyectos de Branding, Packaging o Dise\u00f1o Web","breadcrumb":{"@id":"https:\/\/andreacarta.es\/?lang=en#breadcrumb"},"inLanguage":"en-US","potentialAction":[{"@type":"ReadAction","target":["https:\/\/andreacarta.es\/?lang=en"]}]},{"@type":"BreadcrumbList","@id":"https:\/\/andreacarta.es\/?lang=en#breadcrumb","itemListElement":[{"@type":"ListItem","position":1,"name":"Portada","item":"https:\/\/andreacarta.es\/?lang=en"},{"@type":"ListItem","position":2,"name":"Home"}]},{"@type":"WebSite","@id":"https:\/\/andreacarta.es\/#website","url":"https:\/\/andreacarta.es\/","name":"Andrea Carta","description":"Creative &amp; Graphic Designer","potentialAction":[{"@type":"SearchAction","target":{"@type":"EntryPoint","urlTemplate":"https:\/\/andreacarta.es\/?s={search_term_string}"},"query-input":"required name=search_term_string"}],"inLanguage":"en-US"}]}},"_links":{"self":[{"href":"https:\/\/andreacarta.es\/en\/wp-json\/wp\/v2\/pages\/1298"}],"collection":[{"href":"https:\/\/andreacarta.es\/en\/wp-json\/wp\/v2\/pages"}],"about":[{"href":"https:\/\/andreacarta.es\/en\/wp-json\/wp\/v2\/types\/page"}],"author":[{"embeddable":true,"href":"https:\/\/andreacarta.es\/en\/wp-json\/wp\/v2\/users\/1"}],"replies":[{"embeddable":true,"href":"https:\/\/andreacarta.es\/en\/wp-json\/wp\/v2\/comments?post=1298"}],"version-history":[{"count":1,"href":"https:\/\/andreacarta.es\/en\/wp-json\/wp\/v2\/pages\/1298\/revisions"}],"predecessor-version":[{"id":1299,"href":"https:\/\/andreacarta.es\/en\/wp-json\/wp\/v2\/pages\/1298\/revisions\/1299"}],"wp:attachment":[{"href":"https:\/\/andreacarta.es\/en\/wp-json\/wp\/v2\/media?parent=1298"}],"curies":[{"name":"wp","href":"https:\/\/api.w.org\/{rel}","templated":true}]}}